{"id":322,"date":"2023-09-22T18:24:58","date_gmt":"2023-09-22T18:24:58","guid":{"rendered":"https:\/\/tercersectorsocialib.org\/?page_id=322"},"modified":"2023-10-10T22:15:09","modified_gmt":"2023-10-10T22:15:09","slug":"actuaciones","status":"publish","type":"page","link":"https:\/\/tercersectorsocialib.org\/es\/actuaciones\/","title":{"rendered":"Actuaciones"},"content":{"rendered":"<p>[et_pb_section fb_built=\u00bb1&#8243; admin_label=\u00bbHero Section\u00bb _builder_version=\u00bb4.22.2&#8243; use_background_color_gradient=\u00bbon\u00bb background_color_gradient_direction=\u00bb156deg\u00bb background_color_gradient_stops=\u00bbrgba(53,64,68,0.84) 28%|rgba(244,240,233,0) 100%\u00bb background_color_gradient_overlays_image=\u00bbon\u00bb background_color_gradient_start=\u00bbrgba(244,240,233,0.9)\u00bb background_color_gradient_start_position=\u00bb30%\u00bb background_color_gradient_end=\u00bbrgba(244,240,233,0)\u00bb background_image=\u00bbhttps:\/\/tercersectorsocialib.org\/wp-content\/uploads\/2023\/10\/catedral-basilica-de-santa-maria-de-mallorca-in-pa-2022-11-12-15-11-39-utc-scaled.jpg\u00bb custom_margin=\u00bb|||\u00bb custom_padding=\u00bb119px|0px|119px|0px\u00bb global_colors_info=\u00bb{}\u00bb][et_pb_row custom_padding_last_edited=\u00bboff|desktop\u00bb admin_label=\u00bbHero Area\u00bb _builder_version=\u00bb4.16&#8243; custom_padding=\u00bb27px|0px|0px|0px\u00bb global_colors_info=\u00bb{}\u00bb][et_pb_column type=\u00bb4_4&#8243; _builder_version=\u00bb4.16&#8243; custom_padding=\u00bb|||\u00bb global_colors_info=\u00bb{}\u00bb custom_padding__hover=\u00bb|||\u00bb][et_pb_text admin_label=\u00bbHero Title\u00bb _builder_version=\u00bb4.22.2&#8243; text_font=\u00bbPlayfair Display||||||||\u00bb header_font=\u00bb||||||||\u00bb header_text_color=\u00bb#FFFFFF\u00bb header_font_size=\u00bb60px\u00bb header_line_height=\u00bb1.1em\u00bb custom_margin=\u00bb||0px|\u00bb custom_padding=\u00bb|||\u00bb animation_style=\u00bbslide\u00bb animation_direction=\u00bbleft\u00bb animation_intensity_slide=\u00bb5%\u00bb animation_starting_opacity=\u00bb100%\u00bb hover_enabled=\u00bb0&#8243; text_font_size_last_edited=\u00bboff|desktop\u00bb header_font_size_tablet=\u00bb\u00bb header_font_size_phone=\u00bb60px\u00bb header_font_size_last_edited=\u00bbon|phone\u00bb header_text_shadow_style=\u00bbpreset3&#8243; global_colors_info=\u00bb{}\u00bb content_last_edited=\u00bbon|phone\u00bb content_tablet=\u00bb<\/p>\n<h1 style=%22text-align: center;%22>C\u00f3mo actuamos<\/h1>\n<p>\u00bb sticky_enabled=\u00bb0&#8243; content_phone=\u00bb<\/p>\n<h1 style=%22text-align: center;%22>C\u00f3mo actuamos<\/h1>\n<p>\u00ab]<\/p>\n<h1>C\u00f3mo actuamos<\/h1>\n<p>[\/et_pb_text][\/et_pb_column][\/et_pb_row][\/et_pb_section][et_pb_section fb_built=\u00bb1&#8243; admin_label=\u00bbAbout Us Section\u00bb _builder_version=\u00bb4.16&#8243; custom_padding=\u00bb110px||0px|\u00bb global_colors_info=\u00bb{}\u00bb][et_pb_row column_structure=\u00bb1_2,1_2&#8243; admin_label=\u00bbAbout Us Area\u00bb _builder_version=\u00bb4.16&#8243; custom_margin=\u00bb|||\u00bb custom_padding=\u00bb27px|0px|0px|0px\u00bb global_colors_info=\u00bb{}\u00bb][et_pb_column type=\u00bb1_2&#8243; _builder_version=\u00bb4.16&#8243; custom_padding=\u00bb|||\u00bb global_colors_info=\u00bb{}\u00bb custom_padding__hover=\u00bb|||\u00bb][et_pb_text admin_label=\u00bbTitle\u00bb _builder_version=\u00bb4.22.2&#8243; text_font=\u00bb||||||||\u00bb header_font=\u00bb||||||||\u00bb header_2_font=\u00bbAlice||||||||\u00bb header_2_font_size=\u00bb42px\u00bb header_2_line_height=\u00bb1.3em\u00bb header_3_text_color=\u00bbgcid-9b68ff86-506c-4f0d-a97c-3799c772bfcf\u00bb header_3_line_height=\u00bb1.5em\u00bb custom_margin=\u00bb||20px|\u00bb animation_style=\u00bbslide\u00bb animation_direction=\u00bbtop\u00bb animation_intensity_slide=\u00bb30%\u00bb animation_starting_opacity=\u00bb100%\u00bb global_colors_info=\u00bb{%22gcid-9b68ff86-506c-4f0d-a97c-3799c772bfcf%22:%91%22header_3_text_color%22%93}\u00bb]<\/p>\n<h3><span>Para conseguir los objetivos propuestos, se llevan a cabo las siguientes actuaciones :<\/span><\/h3>\n<p>[\/et_pb_text][et_pb_divider color=\u00bbgcid-07eebd19-8270-4ab2-838c-1b332ab6764e\u00bb divider_weight=\u00bb3px\u00bb _builder_version=\u00bb4.22.2&#8243; max_width=\u00bb50px\u00bb custom_margin=\u00bb||10px|\u00bb animation_style=\u00bbfold\u00bb animation_direction=\u00bbleft\u00bb animation_starting_opacity=\u00bb100%\u00bb global_colors_info=\u00bb{%22gcid-07eebd19-8270-4ab2-838c-1b332ab6764e%22:%91%22color%22%93}\u00bb][\/et_pb_divider][et_pb_text _builder_version=\u00bb4.22.2&#8243; text_font=\u00bb||||||||\u00bb text_font_size=\u00bb16px\u00bb text_line_height=\u00bb1.8em\u00bb animation_style=\u00bbslide\u00bb animation_direction=\u00bbtop\u00bb animation_intensity_slide=\u00bb10%\u00bb animation_starting_opacity=\u00bb100%\u00bb global_colors_info=\u00bb{}\u00bb]<\/p>\n<ul>\n<li>Se participa en los \u00f3rganos de las diferentes administraciones con competencias en pol\u00edticas sociales.<\/li>\n<li>Se llevan a cabo iniciativas de sensibilizaci\u00f3n y asesoramiento sobre la aplicaci\u00f3n de los principios de la compra p\u00fablica \u00e9tica y las cl\u00e1usulas sociales en las compras, suministros y licitaciones de las administraciones p\u00fablicas.<\/li>\n<li>Se elaboran y se presentan propuestas para conseguir un modelo de sistema de financiaci\u00f3n estable que respete la atenci\u00f3n y calidad de los colectivos m\u00e1s vulnerables y ponga en valor el papel del tercer sector frente a las entidades mercantiles.<\/li>\n<li>Se reivindican- constantemente y con acciones muy diversas- los derechos fundamentales constitucionales de las personas que deben ser asumidos por la administraci\u00f3n.<\/li>\n<\/ul>\n<p>[\/et_pb_text][\/et_pb_column][et_pb_column type=\u00bb1_2&#8243; _builder_version=\u00bb4.16&#8243; custom_padding=\u00bb80px||80px|\u00bb global_colors_info=\u00bb{}\u00bb custom_padding__hover=\u00bb|||\u00bb][et_pb_image src=\u00bbhttps:\/\/tercersectorsocialib.org\/wp-content\/uploads\/2023\/09\/actua1.jpg\u00bb title_text=\u00bbactua1&#8243; force_fullwidth=\u00bbon\u00bb align_tablet=\u00bbcenter\u00bb align_phone=\u00bbcenter\u00bb align_last_edited=\u00bbon|desktop\u00bb _builder_version=\u00bb4.22.2&#8243; custom_margin=\u00bb-77px|||||\u00bb animation_style=\u00bbslide\u00bb animation_direction=\u00bbleft\u00bb animation_intensity_slide=\u00bb10%\u00bb animation_starting_opacity=\u00bb100%\u00bb global_colors_info=\u00bb{}\u00bb][\/et_pb_image][et_pb_image src=\u00bbhttps:\/\/tercersectorsocialib.org\/wp-content\/uploads\/2023\/09\/actua2.jpg\u00bb title_text=\u00bbactua2&#8243; force_fullwidth=\u00bbon\u00bb align_tablet=\u00bbcenter\u00bb align_phone=\u00bbcenter\u00bb align_last_edited=\u00bbon|desktop\u00bb _builder_version=\u00bb4.22.2&#8243; animation_style=\u00bbslide\u00bb animation_direction=\u00bbleft\u00bb animation_intensity_slide=\u00bb10%\u00bb animation_starting_opacity=\u00bb100%\u00bb global_colors_info=\u00bb{}\u00bb][\/et_pb_image][\/et_pb_column][\/et_pb_row][\/et_pb_section]<\/p>\n","protected":false},"excerpt":{"rendered":"<p>C\u00f3mo actuamosPara conseguir los objetivos propuestos, se llevan a cabo las siguientes actuaciones : Se participa en los \u00f3rganos de las diferentes administraciones con competencias en pol\u00edticas sociales. Se llevan a cabo iniciativas de sensibilizaci\u00f3n y asesoramiento sobre la aplicaci\u00f3n de los principios de la compra p\u00fablica \u00e9tica y las cl\u00e1usulas sociales en las compras, [&hellip;]<\/p>\n","protected":false},"author":2,"featured_media":0,"parent":0,"menu_order":0,"comment_status":"closed","ping_status":"closed","template":"","meta":{"_et_pb_use_builder":"on","_et_pb_old_content":"","_et_gb_content_width":"","footnotes":""},"class_list":["post-322","page","type-page","status-publish","hentry"],"_links":{"self":[{"href":"https:\/\/tercersectorsocialib.org\/es\/wp-json\/wp\/v2\/pages\/322","targetHints":{"allow":["GET"]}}],"collection":[{"href":"https:\/\/tercersectorsocialib.org\/es\/wp-json\/wp\/v2\/pages"}],"about":[{"href":"https:\/\/tercersectorsocialib.org\/es\/wp-json\/wp\/v2\/types\/page"}],"author":[{"embeddable":true,"href":"https:\/\/tercersectorsocialib.org\/es\/wp-json\/wp\/v2\/users\/2"}],"replies":[{"embeddable":true,"href":"https:\/\/tercersectorsocialib.org\/es\/wp-json\/wp\/v2\/comments?post=322"}],"version-history":[{"count":9,"href":"https:\/\/tercersectorsocialib.org\/es\/wp-json\/wp\/v2\/pages\/322\/revisions"}],"predecessor-version":[{"id":870,"href":"https:\/\/tercersectorsocialib.org\/es\/wp-json\/wp\/v2\/pages\/322\/revisions\/870"}],"wp:attachment":[{"href":"https:\/\/tercersectorsocialib.org\/es\/wp-json\/wp\/v2\/media?parent=322"}],"curies":[{"name":"wp","href":"https:\/\/api.w.org\/{rel}","templated":true}]}}